{"id":70,"date":"2025-08-13T01:25:48","date_gmt":"2025-08-12T23:25:48","guid":{"rendered":"https:\/\/margens.org\/?page_id=70"},"modified":"2025-08-14T16:53:12","modified_gmt":"2025-08-14T14:53:12","slug":"que-hacemos","status":"publish","type":"page","link":"https:\/\/margens.org\/index.php\/que-hacemos\/","title":{"rendered":"\u00bfQu\u00e9 hacemos?"},"content":{"rendered":"\n<h2 class=\"wp-block-heading has-text-align-center has-ast-global-color-1-color has-text-color has-link-color wp-elements-1b79ee9855a014bc1233aef55bd521c0\" style=\"margin-top:var(--wp--preset--spacing--80);margin-bottom:0\">MISI\u00d3N<\/h2>\n\n\n\n<p class=\"has-text-align-center\">Crear soluciones innovadoras para impulsar el desarrollo social, econ\u00f3mico y sostenible.<\/p>\n\n\n\n<div class=\"wp-block-essential-blocks-row alignfull  root-eb-row-pcs9f\"><div class=\"eb-parent-wrapper eb-parent-eb-row-pcs9f \"><div class=\"eb-row-root-container eb-row-pcs9f\" data-id=\"eb-row-pcs9f\"><div class=\"eb-row-wrapper\"><div class=\"eb-row-inner\">\n<div class=\"wp-block-essential-blocks-column  root-eb-column-ijnyo\"><div class=\"eb-parent-wrapper eb-parent-eb-column-ijnyo \"><div class=\"eb-column-wrapper eb-column-ijnyo\"><div class=\"eb-column-inner\">\n<figure class=\"wp-block-image alignleft size-full\" style=\"margin-right:var(--wp--preset--spacing--50);margin-bottom:var(--wp--preset--spacing--60);margin-left:0\"><img decoding=\"async\" width=\"64\" height=\"70\" src=\"https:\/\/margens.org\/wp-content\/uploads\/2025\/08\/negocios-territorios-productivos.png\" alt=\"Margen\" class=\"wp-image-117\"\/><\/figure>\n\n\n\n<h2 class=\"wp-block-heading\"><strong>Negocios y territorios productivos<\/strong><\/h2>\n<\/div><\/div><\/div><\/div>\n\n\n\n<div class=\"wp-block-essential-blocks-column  root-eb-column-0jhv3\"><div class=\"eb-parent-wrapper eb-parent-eb-column-0jhv3 \"><div class=\"eb-column-wrapper eb-column-0jhv3\"><div class=\"eb-column-inner\">\n<p>Contribuir al desarrollo socioecon\u00f3mico de la regi\u00f3n, a trav\u00e9s del fortalecimiento y promoci\u00f3n del capital humano, el tejido empresarial y la competitividad, mediante programas, alianzas y proyectos que respondan a las din\u00e1micas.<\/p>\n<\/div><\/div><\/div><\/div>\n<\/div><\/div><\/div><\/div><\/div>\n\n\n\n<div class=\"wp-block-essential-blocks-row alignfull  root-eb-row-a5sfm\"><div class=\"eb-parent-wrapper eb-parent-eb-row-a5sfm \"><div class=\"eb-row-root-container eb-row-a5sfm\" data-id=\"eb-row-a5sfm\"><div class=\"eb-row-wrapper\"><div class=\"eb-row-inner\">\n<div class=\"wp-block-essential-blocks-column  root-eb-column-set7n\"><div class=\"eb-parent-wrapper eb-parent-eb-column-set7n \"><div class=\"eb-column-wrapper eb-column-set7n\"><div class=\"eb-column-inner\">\n<figure class=\"wp-block-image alignleft size-full\" style=\"margin-right:var(--wp--preset--spacing--50);margin-left:0\"><img decoding=\"async\" width=\"70\" height=\"70\" src=\"https:\/\/margens.org\/wp-content\/uploads\/2025\/08\/soluciones-basadas-en-la-naturaleza.png\" alt=\"Margen\" class=\"wp-image-115\"\/><\/figure>\n\n\n\n<h2 class=\"wp-block-heading\"><strong><strong>Soluciones basadas en la naturaleza<\/strong><\/strong><\/h2>\n<\/div><\/div><\/div><\/div>\n\n\n\n<div class=\"wp-block-essential-blocks-column  root-eb-column-0dxfp\"><div class=\"eb-parent-wrapper eb-parent-eb-column-0dxfp \"><div class=\"eb-column-wrapper eb-column-0dxfp\"><div class=\"eb-column-inner\">\n<p>Fomentar modelos productivos sostenibles, entre ellos el ecoturismo y la innovaci\u00f3n ambiental como estrategias de desarrollo, impulsando iniciativas que integren soluciones basadas en la naturaleza.<\/p>\n<\/div><\/div><\/div><\/div>\n<\/div><\/div><\/div><\/div><\/div>\n\n\n\n<div class=\"wp-block-essential-blocks-row alignfull  root-eb-row-7zivh\"><div class=\"eb-parent-wrapper eb-parent-eb-row-7zivh \"><div class=\"eb-row-root-container eb-row-7zivh\" data-id=\"eb-row-7zivh\"><div class=\"eb-row-wrapper\"><div class=\"eb-row-inner\">\n<div class=\"wp-block-essential-blocks-column  root-eb-column-3jc7a\"><div class=\"eb-parent-wrapper eb-parent-eb-column-3jc7a \"><div class=\"eb-column-wrapper eb-column-3jc7a\"><div class=\"eb-column-inner\">\n<figure class=\"wp-block-image alignleft size-full\" style=\"margin-right:var(--wp--preset--spacing--50);margin-left:0\"><img decoding=\"async\" width=\"98\" height=\"70\" src=\"https:\/\/margens.org\/wp-content\/uploads\/2025\/08\/politica-territorial-institucional.png\" alt=\"Margen\" class=\"wp-image-118\"\/><\/figure>\n\n\n\n<h2 class=\"wp-block-heading\"><strong><strong><strong>Pol\u00edtica Territorial e Institucionalidad<\/strong><\/strong><\/strong><\/h2>\n<\/div><\/div><\/div><\/div>\n\n\n\n<div class=\"wp-block-essential-blocks-column  root-eb-column-34vi0\"><div class=\"eb-parent-wrapper eb-parent-eb-column-34vi0 \"><div class=\"eb-column-wrapper eb-column-34vi0\"><div class=\"eb-column-inner\">\n<p>Incidir en la formulaci\u00f3n, implementaci\u00f3n y seguimiento de pol\u00edticas p\u00fablicas, en articulaci\u00f3n con actores locales, regionales e internacionales, para mejorar las condiciones de vida y oportunidades en la regi\u00f3n.<\/p>\n<\/div><\/div><\/div><\/div>\n<\/div><\/div><\/div><\/div><\/div>\n\n\n\n<div class=\"wp-block-essential-blocks-row alignfull  root-eb-row-pul3j\"><div class=\"eb-parent-wrapper eb-parent-eb-row-pul3j \"><div class=\"eb-row-root-container eb-row-pul3j\" data-id=\"eb-row-pul3j\"><div class=\"eb-row-wrapper\"><div class=\"eb-row-inner\">\n<div class=\"wp-block-essential-blocks-column  root-eb-column-ncazh\"><div class=\"eb-parent-wrapper eb-parent-eb-column-ncazh \"><div class=\"eb-column-wrapper eb-column-ncazh\"><div class=\"eb-column-inner\">\n<figure class=\"wp-block-image alignleft size-full\" style=\"margin-right:var(--wp--preset--spacing--50);margin-bottom:var(--wp--preset--spacing--60);margin-left:0\"><img loading=\"lazy\" decoding=\"async\" width=\"101\" height=\"70\" src=\"https:\/\/margens.org\/wp-content\/uploads\/2025\/08\/innovacion-social-tecnologia.png\" alt=\"Margen\" class=\"wp-image-116\"\/><\/figure>\n\n\n\n<h2 class=\"wp-block-heading\"><strong><strong><strong><strong>Innovaci\u00f3n social&nbsp;y&nbsp;tecnolog\u00eda<\/strong><\/strong><\/strong><\/strong><\/h2>\n<\/div><\/div><\/div><\/div>\n\n\n\n<div class=\"wp-block-essential-blocks-column  root-eb-column-fu3ks\"><div class=\"eb-parent-wrapper eb-parent-eb-column-fu3ks \"><div class=\"eb-column-wrapper eb-column-fu3ks\"><div class=\"eb-column-inner\">\n<p>Fortalecer las capacidades institucionales y comunitarias mediante procesos de acompa\u00f1amiento t\u00e9cnico, articulaci\u00f3n multiactor y gobernanza, que promuevan modelos de desarrollo, integrando el conocimiento, la gesti\u00f3n y la resiliencia como ejes transformadores.<\/p>\n<\/div><\/div><\/div><\/div>\n<\/div><\/div><\/div><\/div><\/div>\n\n\n\n<p><\/p>\n","protected":false},"excerpt":{"rendered":"<p>MISI\u00d3N Crear soluciones innovadoras para impulsar el desarrollo social, econ\u00f3mico y sostenible.<\/p>\n","protected":false},"author":1,"featured_media":69,"parent":0,"menu_order":0,"comment_status":"closed","ping_status":"closed","template":"","meta":{"_eb_attr":"","site-sidebar-layout":"default","site-content-layout":"","ast-site-content-layout":"default","site-content-style":"default","site-sidebar-style":"default","ast-global-header-display":"","ast-banner-title-visibility":"","ast-main-header-display":"","ast-hfb-above-header-display":"","ast-hfb-below-header-display":"","ast-hfb-mobile-header-display":"","site-post-title":"","ast-breadcrumbs-content":"","ast-featured-img":"","footer-sml-layout":"","ast-disable-related-posts":"","theme-transparent-header-meta":"","adv-header-id-meta":"","stick-header-meta":"","header-above-stick-meta":"","header-main-stick-meta":"","header-below-stick-meta":"","astra-migrate-meta-layouts":"default","ast-page-background-enabled":"default","ast-page-background-meta":{"desktop":{"background-color":"var(--ast-global-color-5)","background-image":"","background-repeat":"repeat","background-position":"center center","background-size":"auto","background-attachment":"scroll","background-type":"","background-media":"","overlay-type":"","overlay-color":"","overlay-opacity":"","overlay-gradient":""},"tablet":{"background-color":"","background-image":"","background-repeat":"repeat","background-position":"center center","background-size":"auto","background-attachment":"scroll","background-type":"","background-media":"","overlay-type":"","overlay-color":"","overlay-opacity":"","overlay-gradient":""},"mobile":{"background-color":"","background-image":"","background-repeat":"repeat","background-position":"center center","background-size":"auto","background-attachment":"scroll","background-type":"","background-media":"","overlay-type":"","overlay-color":"","overlay-opacity":"","overlay-gradient":""}},"ast-content-background-meta":{"desktop":{"background-color":"var(--ast-global-color-4)","background-image":"","background-repeat":"repeat","background-position":"center center","background-size":"auto","background-attachment":"scroll","background-type":"","background-media":"","overlay-type":"","overlay-color":"","overlay-opacity":"","overlay-gradient":""},"tablet":{"background-color":"var(--ast-global-color-4)","background-image":"","background-repeat":"repeat","background-position":"center center","background-size":"auto","background-attachment":"scroll","background-type":"","background-media":"","overlay-type":"","overlay-color":"","overlay-opacity":"","overlay-gradient":""},"mobile":{"background-color":"var(--ast-global-color-4)","background-image":"","background-repeat":"repeat","background-position":"center center","background-size":"auto","background-attachment":"scroll","background-type":"","background-media":"","overlay-type":"","overlay-color":"","overlay-opacity":"","overlay-gradient":""}},"footnotes":""},"class_list":["post-70","page","type-page","status-publish","has-post-thumbnail","hentry"],"_links":{"self":[{"href":"https:\/\/margens.org\/index.php\/wp-json\/wp\/v2\/pages\/70","targetHints":{"allow":["GET"]}}],"collection":[{"href":"https:\/\/margens.org\/index.php\/wp-json\/wp\/v2\/pages"}],"about":[{"href":"https:\/\/margens.org\/index.php\/wp-json\/wp\/v2\/types\/page"}],"author":[{"embeddable":true,"href":"https:\/\/margens.org\/index.php\/wp-json\/wp\/v2\/users\/1"}],"replies":[{"embeddable":true,"href":"https:\/\/margens.org\/index.php\/wp-json\/wp\/v2\/comments?post=70"}],"version-history":[{"count":18,"href":"https:\/\/margens.org\/index.php\/wp-json\/wp\/v2\/pages\/70\/revisions"}],"predecessor-version":[{"id":240,"href":"https:\/\/margens.org\/index.php\/wp-json\/wp\/v2\/pages\/70\/revisions\/240"}],"wp:featuredmedia":[{"embeddable":true,"href":"https:\/\/margens.org\/index.php\/wp-json\/wp\/v2\/media\/69"}],"wp:attachment":[{"href":"https:\/\/margens.org\/index.php\/wp-json\/wp\/v2\/media?parent=70"}],"curies":[{"name":"wp","href":"https:\/\/api.w.org\/{rel}","templated":true}]}}