{"id":72,"date":"2025-08-13T01:26:33","date_gmt":"2025-08-12T23:26:33","guid":{"rendered":"https:\/\/margens.org\/?page_id=72"},"modified":"2025-08-14T16:46:26","modified_gmt":"2025-08-14T14:46:26","slug":"nuestro-impacto","status":"publish","type":"page","link":"https:\/\/margens.org\/index.php\/nuestro-impacto\/","title":{"rendered":"Nuestro impacto"},"content":{"rendered":"\n<div class=\"wp-block-essential-blocks-row alignfull  root-eb-row-lfwpx\"><div class=\"eb-parent-wrapper eb-parent-eb-row-lfwpx \"><div class=\"eb-row-root-container eb-row-lfwpx\" data-id=\"eb-row-lfwpx\"><div class=\"eb-row-wrapper\"><div class=\"eb-row-inner\">\n<div class=\"wp-block-essential-blocks-column  root-eb-column-d19sq\"><div class=\"eb-parent-wrapper eb-parent-eb-column-d19sq \"><div class=\"eb-column-wrapper eb-column-d19sq\"><div class=\"eb-column-inner\">\n<h2 class=\"wp-block-heading has-text-align-center\">P\u00e1gina en construcci\u00f3n.<\/h2>\n<\/div><\/div><\/div><\/div>\n\n\n\n<div class=\"wp-block-essential-blocks-column  root-eb-column-mzbpe\"><div class=\"eb-parent-wrapper eb-parent-eb-column-mzbpe \"><div class=\"eb-column-wrapper eb-column-mzbpe\"><div class=\"eb-column-inner\">\n<figure class=\"wp-block-image size-full\"><img fetchpriority=\"high\" decoding=\"async\" width=\"800\" height=\"507\" src=\"https:\/\/margens.org\/wp-content\/uploads\/2025\/08\/construccion.jpg\" alt=\"\" class=\"wp-image-227\" srcset=\"https:\/\/margens.org\/wp-content\/uploads\/2025\/08\/construccion.jpg 800w, https:\/\/margens.org\/wp-content\/uploads\/2025\/08\/construccion-300x190.jpg 300w, https:\/\/margens.org\/wp-content\/uploads\/2025\/08\/construccion-768x487.jpg 768w\" sizes=\"(max-width: 800px) 100vw, 800px\" \/><\/figure>\n<\/div><\/div><\/div><\/div>\n<\/div><\/div><\/div><\/div><\/div>\n\n\n\n<div class=\"wp-block-essential-blocks-row alignfull  root-eb-row-8g13o\"><div class=\"eb-parent-wrapper eb-parent-eb-row-8g13o \"><div class=\"eb-row-root-container eb-row-8g13o\" data-id=\"eb-row-8g13o\"><div class=\"eb-row-wrapper\"><div class=\"eb-row-inner\">\n<div class=\"wp-block-essential-blocks-column  root-eb-column-ofzko\"><div class=\"eb-parent-wrapper eb-parent-eb-column-ofzko \"><div class=\"eb-column-wrapper eb-column-ofzko\"><div class=\"eb-column-inner\">\n<h2 class=\"wp-block-heading has-ast-global-color-1-color has-text-color has-link-color wp-elements-fda9928e38c0aed7324eae0f8433b553\">Proyecto: \u00abModelo Integral de Impulso y Conexi\u00f3n para Comunidades \u00c9tnicas\u00bb<\/h2>\n\n\n\n<p>Este Proyecto busca desarrollar un modelo de intervenci\u00f3n socioecon\u00f3mico integral que impulse, acelere y conecte iniciativas \u00e9tnicas con mercados nacionales e internacionales, mejorando su productividad, competitividad y sostenibilidad que fomente mayores oportunidades de justicia social, econ\u00f3mica y competitividad en los territorios.<\/p>\n\n\n\n<p><strong>Aliado: <\/strong>Open Society Foundation<\/p>\n<\/div><\/div><\/div><\/div>\n\n\n\n<div class=\"wp-block-essential-blocks-column  root-eb-column-jma34\"><div class=\"eb-parent-wrapper eb-parent-eb-column-jma34 \"><div class=\"eb-column-wrapper eb-column-jma34\"><div class=\"eb-column-inner\">\n<h2 class=\"wp-block-heading has-ast-global-color-1-color has-text-color has-link-color wp-elements-349bdc69e5ba670ce4e913c2a145fcbb\">Fortalecimiento a las plataformas de circulaci\u00f3n Vitrina Pac\u00edfica y Tienda Pac\u00edfico Colombia.<\/h2>\n\n\n\n<p>Lideramos el fortalecimiento de la gesti\u00f3n operativa y comercial, permitiendo mejorar la gesti\u00f3n de inventarios, optimizar la atenci\u00f3n a emprendedores y clientes, y ejecutando estrategias de venta m\u00e1s efectivas que promuevan redes colaborativas entre los emprendedores, facilitando su acceso a espacios de formaci\u00f3n, asesor\u00eda estrat\u00e9gica y conexi\u00f3n con aliados clave.<\/p>\n\n\n\n<p><strong>Aliado: <\/strong>RAP Pacifico<\/p>\n<\/div><\/div><\/div><\/div>\n<\/div><\/div><\/div><\/div><\/div>\n\n\n\n<div class=\"wp-block-essential-blocks-row alignfull  root-eb-row-9cgxn\"><div class=\"eb-parent-wrapper eb-parent-eb-row-9cgxn \"><div class=\"eb-row-root-container eb-row-9cgxn\" data-id=\"eb-row-9cgxn\"><div class=\"eb-row-wrapper\"><div class=\"eb-row-inner\">\n<div class=\"wp-block-essential-blocks-column  root-eb-column-qqffl\"><div class=\"eb-parent-wrapper eb-parent-eb-column-qqffl \"><div class=\"eb-column-wrapper eb-column-qqffl\"><div class=\"eb-column-inner\">\n<h2 class=\"wp-block-heading has-ast-global-color-1-color has-text-color has-link-color wp-elements-804f89a857d93f78f6fdcac203234663\" style=\"margin-top:0;margin-bottom:0\">Proyecto NODOS: N\u00facleos de Oportunidad y Desarrollo Sostenible.<\/h2>\n\n\n\n<h3 class=\"wp-block-heading\" style=\"margin-top:0\">\u201cPara el sector ancestral y artesanal del Viche del Pacifico colombiano\u201d<\/h3>\n\n\n\n<p class=\"has-text-align-center has-medium-font-size\" style=\"margin-top:var(--wp--preset--spacing--70);margin-bottom:var(--wp--preset--spacing--70)\">Somos un veh\u00edculo que complementa las trasformaciones de la regi\u00f3n.<\/p>\n\n\n\n<p>Proyecto en alianza con BID Lab y Open Society Foundation, que busca identificar y activar oportunidades de desarrollo social y econ\u00f3mico en la cadena de valor del Viche del Pacifico, como una oportunidad integral que tiene el potencial de generar bienestar colectivo, ingresos sostenibles y desarrollo econ\u00f3mico en el territorio impactando directamente a su gente.<\/p>\n\n\n\n<p><strong>Aliados: <\/strong>BID Lab, Open Society Foundation<\/p>\n<\/div><\/div><\/div><\/div>\n\n\n\n<div class=\"wp-block-essential-blocks-column  root-eb-column-5bih6\"><div class=\"eb-parent-wrapper eb-parent-eb-column-5bih6 \"><div class=\"eb-column-wrapper eb-column-5bih6\"><div class=\"eb-column-inner\">\n<h2 class=\"wp-block-heading has-ast-global-color-1-color has-text-color has-link-color wp-elements-c7a0bece9ff2df1badc5e560e3cdaedb\" style=\"margin-top:0;margin-bottom:0\">Acompa\u00f1amiento a la implementaci\u00f3n de programa \u00abPotenciando Empresas, Creando Oportunidades:<\/h2>\n\n\n\n<h3 class=\"wp-block-heading\" style=\"margin-top:0\">Entrenamiento Empresarial para el Crecimiento Econ\u00f3mico del Pac\u00edfico Colombiano\u00bb<\/h3>\n\n\n\n<p>La iniciativa \u00abPotenciando Empresas, Creando Oportunidades\u201d, ganadora del IVLP Impact Award 2025 tiene como prop\u00f3sito central impulsar la sostenibilidad y el crecimiento de 40 negocios con potencial de crecimiento en Buenaventura mediante entrenamiento especializado para fortalecer el bienestar y el desarrollo regional. Este proyecto centrado en el fortalecimiento de las capacidades empresariales de microempresarios y emprendimientos del distrito visibilizando su liderazgo empresarial y promoviendo la creaci\u00f3n de oportunidades econ\u00f3micas.<\/p>\n<\/div><\/div><\/div><\/div>\n<\/div><\/div><\/div><\/div><\/div>\n\n\n\n<p><\/p>\n","protected":false},"excerpt":{"rendered":"","protected":false},"author":1,"featured_media":69,"parent":0,"menu_order":0,"comment_status":"closed","ping_status":"closed","template":"","meta":{"_eb_attr":"","site-sidebar-layout":"default","site-content-layout":"","ast-site-content-layout":"default","site-content-style":"default","site-sidebar-style":"default","ast-global-header-display":"","ast-banner-title-visibility":"","ast-main-header-display":"","ast-hfb-above-header-display":"","ast-hfb-below-header-display":"","ast-hfb-mobile-header-display":"","site-post-title":"","ast-breadcrumbs-content":"","ast-featured-img":"","footer-sml-layout":"","ast-disable-related-posts":"","theme-transparent-header-meta":"","adv-header-id-meta":"","stick-header-meta":"","header-above-stick-meta":"","header-main-stick-meta":"","header-below-stick-meta":"","astra-migrate-meta-layouts":"default","ast-page-background-enabled":"default","ast-page-background-meta":{"desktop":{"background-color":"var(--ast-global-color-5)","background-image":"","background-repeat":"repeat","background-position":"center center","background-size":"auto","background-attachment":"scroll","background-type":"","background-media":"","overlay-type":"","overlay-color":"","overlay-opacity":"","overlay-gradient":""},"tablet":{"background-color":"","background-image":"","background-repeat":"repeat","background-position":"center center","background-size":"auto","background-attachment":"scroll","background-type":"","background-media":"","overlay-type":"","overlay-color":"","overlay-opacity":"","overlay-gradient":""},"mobile":{"background-color":"","background-image":"","background-repeat":"repeat","background-position":"center center","background-size":"auto","background-attachment":"scroll","background-type":"","background-media":"","overlay-type":"","overlay-color":"","overlay-opacity":"","overlay-gradient":""}},"ast-content-background-meta":{"desktop":{"background-color":"var(--ast-global-color-4)","background-image":"","background-repeat":"repeat","background-position":"center center","background-size":"auto","background-attachment":"scroll","background-type":"","background-media":"","overlay-type":"","overlay-color":"","overlay-opacity":"","overlay-gradient":""},"tablet":{"background-color":"var(--ast-global-color-4)","background-image":"","background-repeat":"repeat","background-position":"center center","background-size":"auto","background-attachment":"scroll","background-type":"","background-media":"","overlay-type":"","overlay-color":"","overlay-opacity":"","overlay-gradient":""},"mobile":{"background-color":"var(--ast-global-color-4)","background-image":"","background-repeat":"repeat","background-position":"center center","background-size":"auto","background-attachment":"scroll","background-type":"","background-media":"","overlay-type":"","overlay-color":"","overlay-opacity":"","overlay-gradient":""}},"footnotes":""},"class_list":["post-72","page","type-page","status-publish","has-post-thumbnail","hentry"],"_links":{"self":[{"href":"https:\/\/margens.org\/index.php\/wp-json\/wp\/v2\/pages\/72","targetHints":{"allow":["GET"]}}],"collection":[{"href":"https:\/\/margens.org\/index.php\/wp-json\/wp\/v2\/pages"}],"about":[{"href":"https:\/\/margens.org\/index.php\/wp-json\/wp\/v2\/types\/page"}],"author":[{"embeddable":true,"href":"https:\/\/margens.org\/index.php\/wp-json\/wp\/v2\/users\/1"}],"replies":[{"embeddable":true,"href":"https:\/\/margens.org\/index.php\/wp-json\/wp\/v2\/comments?post=72"}],"version-history":[{"count":11,"href":"https:\/\/margens.org\/index.php\/wp-json\/wp\/v2\/pages\/72\/revisions"}],"predecessor-version":[{"id":232,"href":"https:\/\/margens.org\/index.php\/wp-json\/wp\/v2\/pages\/72\/revisions\/232"}],"wp:featuredmedia":[{"embeddable":true,"href":"https:\/\/margens.org\/index.php\/wp-json\/wp\/v2\/media\/69"}],"wp:attachment":[{"href":"https:\/\/margens.org\/index.php\/wp-json\/wp\/v2\/media?parent=72"}],"curies":[{"name":"wp","href":"https:\/\/api.w.org\/{rel}","templated":true}]}}